{"id":209,"date":"2021-03-01T09:59:03","date_gmt":"2021-03-01T08:59:03","guid":{"rendered":"http:\/\/s825862293.onlinehome.fr\/?page_id=209"},"modified":"2024-05-27T12:22:35","modified_gmt":"2024-05-27T10:22:35","slug":"actualite","status":"publish","type":"page","link":"https:\/\/boca-elevage.fr\/?page_id=209","title":{"rendered":"Actualit\u00e9"},"content":{"rendered":"\n<h3 class=\"wp-block-heading\">Suivez notre actualit\u00e9 sur notre page Facebook <a href=\"https:\/\/www.facebook.com\/BOCAElevageService\/?locale=fr_FR\">Boca Elevage Service<\/a>.<\/h3>\n\n\n\n<p>Nous r\u00e9alisons du montage de salle de traite, de robot de traite, d&rsquo;am\u00e9nagement de b\u00e2timent d&rsquo;\u00e9levage tel que nursery et de l&rsquo;installation de plomberie. <\/p>\n","protected":false},"excerpt":{"rendered":"<p>Suivez notre actualit\u00e9 sur notre page Facebook Boca Elevage Service. Nous r\u00e9alisons du montage de salle de traite, de robot de traite, d&rsquo;am\u00e9nagement de b\u00e2timent d&rsquo;\u00e9levage tel que nursery et de l&rsquo;installation de plomberie.<\/p>\n","protected":false},"author":1,"featured_media":0,"parent":0,"menu_order":0,"comment_status":"closed","ping_status":"closed","template":"","meta":{"_monsterinsights_skip_tracking":false,"_monsterinsights_sitenote_active":false,"_monsterinsights_sitenote_note":"","_monsterinsights_sitenote_category":0,"neve_meta_sidebar":"full-width","neve_meta_container":"","neve_meta_enable_content_width":"on","neve_meta_content_width":100,"neve_meta_title_alignment":"","neve_meta_author_avatar":"","neve_post_elements_order":"","neve_meta_disable_header":"","neve_meta_disable_footer":"","neve_meta_disable_title":"","footnotes":""},"class_list":["post-209","page","type-page","status-publish","hentry"],"yoast_head":"<!-- This site is optimized with the Yoast SEO plugin v22.8 - https:\/\/yoast.com\/wordpress\/plugins\/seo\/ -->\n<title>Actualit\u00e9 - BOCA ELEVAGE SERVICE - Concession DeLaval<\/title>\n<meta name=\"description\" content=\"Retrouver diff\u00e9rentes installations r\u00e9alis\u00e9es par notre \u00e9quipe sur notre page Facebook ou sur notre actualit\u00e9 de notre.\" \/>\n<meta name=\"robots\" content=\"index, follow, max-snippet:-1, max-image-preview:large, max-video-preview:-1\" \/>\n<link rel=\"canonical\" href=\"https:\/\/boca-elevage.fr\/?page_id=209\" \/>\n<meta property=\"og:locale\" content=\"fr_FR\" \/>\n<meta property=\"og:type\" content=\"article\" \/>\n<meta property=\"og:title\" content=\"Actualit\u00e9 - BOCA ELEVAGE SERVICE - Concession DeLaval\" \/>\n<meta property=\"og:description\" content=\"Retrouver diff\u00e9rentes installations r\u00e9alis\u00e9es par notre \u00e9quipe sur notre page Facebook ou sur notre actualit\u00e9 de notre.\" \/>\n<meta property=\"og:url\" content=\"https:\/\/boca-elevage.fr\/?page_id=209\" \/>\n<meta property=\"og:site_name\" content=\"BOCA ELEVAGE SERVICE - Concession DeLaval\" \/>\n<meta property=\"article:modified_time\" content=\"2024-05-27T10:22:35+00:00\" \/>\n<meta name=\"twitter:card\" content=\"summary_large_image\" \/>\n<meta name=\"twitter:label1\" content=\"Dur\u00e9e de lecture estim\u00e9e\" \/>\n\t<meta name=\"twitter:data1\" content=\"1 minute\" \/>\n<script type=\"application\/ld+json\" class=\"yoast-schema-graph\">{\"@context\":\"https:\/\/schema.org\",\"@graph\":[{\"@type\":\"WebPage\",\"@id\":\"https:\/\/boca-elevage.fr\/?page_id=209\",\"url\":\"https:\/\/boca-elevage.fr\/?page_id=209\",\"name\":\"Actualit\u00e9 - BOCA ELEVAGE SERVICE - Concession DeLaval\",\"isPartOf\":{\"@id\":\"https:\/\/boca-elevage.fr\/#website\"},\"datePublished\":\"2021-03-01T08:59:03+00:00\",\"dateModified\":\"2024-05-27T10:22:35+00:00\",\"description\":\"Retrouver diff\u00e9rentes installations r\u00e9alis\u00e9es par notre \u00e9quipe sur notre page Facebook ou sur notre actualit\u00e9 de notre.\",\"breadcrumb\":{\"@id\":\"https:\/\/boca-elevage.fr\/?page_id=209#breadcrumb\"},\"inLanguage\":\"fr-FR\",\"potentialAction\":[{\"@type\":\"ReadAction\",\"target\":[\"https:\/\/boca-elevage.fr\/?page_id=209\"]}]},{\"@type\":\"BreadcrumbList\",\"@id\":\"https:\/\/boca-elevage.fr\/?page_id=209#breadcrumb\",\"itemListElement\":[{\"@type\":\"ListItem\",\"position\":1,\"name\":\"Accueil\",\"item\":\"https:\/\/boca-elevage.fr\/\"},{\"@type\":\"ListItem\",\"position\":2,\"name\":\"Actualit\u00e9\"}]},{\"@type\":\"WebSite\",\"@id\":\"https:\/\/boca-elevage.fr\/#website\",\"url\":\"https:\/\/boca-elevage.fr\/\",\"name\":\"BOCA ELEVAGE SERVICE - Concession DeLaval\",\"description\":\"\",\"publisher\":{\"@id\":\"https:\/\/boca-elevage.fr\/#organization\"},\"potentialAction\":[{\"@type\":\"SearchAction\",\"target\":{\"@type\":\"EntryPoint\",\"urlTemplate\":\"https:\/\/boca-elevage.fr\/?s={search_term_string}\"},\"query-input\":\"required name=search_term_string\"}],\"inLanguage\":\"fr-FR\"},{\"@type\":\"Organization\",\"@id\":\"https:\/\/boca-elevage.fr\/#organization\",\"name\":\"BOCA ELEVAGE SERVICE - Concession DeLaval\",\"url\":\"https:\/\/boca-elevage.fr\/\",\"logo\":{\"@type\":\"ImageObject\",\"inLanguage\":\"fr-FR\",\"@id\":\"https:\/\/boca-elevage.fr\/#\/schema\/logo\/image\/\",\"url\":\"https:\/\/boca-elevage.fr\/wp-content\/uploads\/2021\/03\/cropped-logo-final-12-sur-blanc.png\",\"contentUrl\":\"https:\/\/boca-elevage.fr\/wp-content\/uploads\/2021\/03\/cropped-logo-final-12-sur-blanc.png\",\"width\":1152,\"height\":580,\"caption\":\"BOCA ELEVAGE SERVICE - Concession DeLaval\"},\"image\":{\"@id\":\"https:\/\/boca-elevage.fr\/#\/schema\/logo\/image\/\"}}]}<\/script>\n<!-- \/ Yoast SEO plugin. -->","yoast_head_json":{"title":"Actualit\u00e9 - BOCA ELEVAGE SERVICE - Concession DeLaval","description":"Retrouver diff\u00e9rentes installations r\u00e9alis\u00e9es par notre \u00e9quipe sur notre page Facebook ou sur notre actualit\u00e9 de notre.","robots":{"index":"index","follow":"follow","max-snippet":"max-snippet:-1","max-image-preview":"max-image-preview:large","max-video-preview":"max-video-preview:-1"},"canonical":"https:\/\/boca-elevage.fr\/?page_id=209","og_locale":"fr_FR","og_type":"article","og_title":"Actualit\u00e9 - BOCA ELEVAGE SERVICE - Concession DeLaval","og_description":"Retrouver diff\u00e9rentes installations r\u00e9alis\u00e9es par notre \u00e9quipe sur notre page Facebook ou sur notre actualit\u00e9 de notre.","og_url":"https:\/\/boca-elevage.fr\/?page_id=209","og_site_name":"BOCA ELEVAGE SERVICE - Concession DeLaval","article_modified_time":"2024-05-27T10:22:35+00:00","twitter_card":"summary_large_image","twitter_misc":{"Dur\u00e9e de lecture estim\u00e9e":"1 minute"},"schema":{"@context":"https:\/\/schema.org","@graph":[{"@type":"WebPage","@id":"https:\/\/boca-elevage.fr\/?page_id=209","url":"https:\/\/boca-elevage.fr\/?page_id=209","name":"Actualit\u00e9 - BOCA ELEVAGE SERVICE - Concession DeLaval","isPartOf":{"@id":"https:\/\/boca-elevage.fr\/#website"},"datePublished":"2021-03-01T08:59:03+00:00","dateModified":"2024-05-27T10:22:35+00:00","description":"Retrouver diff\u00e9rentes installations r\u00e9alis\u00e9es par notre \u00e9quipe sur notre page Facebook ou sur notre actualit\u00e9 de notre.","breadcrumb":{"@id":"https:\/\/boca-elevage.fr\/?page_id=209#breadcrumb"},"inLanguage":"fr-FR","potentialAction":[{"@type":"ReadAction","target":["https:\/\/boca-elevage.fr\/?page_id=209"]}]},{"@type":"BreadcrumbList","@id":"https:\/\/boca-elevage.fr\/?page_id=209#breadcrumb","itemListElement":[{"@type":"ListItem","position":1,"name":"Accueil","item":"https:\/\/boca-elevage.fr\/"},{"@type":"ListItem","position":2,"name":"Actualit\u00e9"}]},{"@type":"WebSite","@id":"https:\/\/boca-elevage.fr\/#website","url":"https:\/\/boca-elevage.fr\/","name":"BOCA ELEVAGE SERVICE - Concession DeLaval","description":"","publisher":{"@id":"https:\/\/boca-elevage.fr\/#organization"},"potentialAction":[{"@type":"SearchAction","target":{"@type":"EntryPoint","urlTemplate":"https:\/\/boca-elevage.fr\/?s={search_term_string}"},"query-input":"required name=search_term_string"}],"inLanguage":"fr-FR"},{"@type":"Organization","@id":"https:\/\/boca-elevage.fr\/#organization","name":"BOCA ELEVAGE SERVICE - Concession DeLaval","url":"https:\/\/boca-elevage.fr\/","logo":{"@type":"ImageObject","inLanguage":"fr-FR","@id":"https:\/\/boca-elevage.fr\/#\/schema\/logo\/image\/","url":"https:\/\/boca-elevage.fr\/wp-content\/uploads\/2021\/03\/cropped-logo-final-12-sur-blanc.png","contentUrl":"https:\/\/boca-elevage.fr\/wp-content\/uploads\/2021\/03\/cropped-logo-final-12-sur-blanc.png","width":1152,"height":580,"caption":"BOCA ELEVAGE SERVICE - Concession DeLaval"},"image":{"@id":"https:\/\/boca-elevage.fr\/#\/schema\/logo\/image\/"}}]}},"_links":{"self":[{"href":"https:\/\/boca-elevage.fr\/index.php?rest_route=\/wp\/v2\/pages\/209","targetHints":{"allow":["GET"]}}],"collection":[{"href":"https:\/\/boca-elevage.fr\/index.php?rest_route=\/wp\/v2\/pages"}],"about":[{"href":"https:\/\/boca-elevage.fr\/index.php?rest_route=\/wp\/v2\/types\/page"}],"author":[{"embeddable":true,"href":"https:\/\/boca-elevage.fr\/index.php?rest_route=\/wp\/v2\/users\/1"}],"replies":[{"embeddable":true,"href":"https:\/\/boca-elevage.fr\/index.php?rest_route=%2Fwp%2Fv2%2Fcomments&post=209"}],"version-history":[{"count":20,"href":"https:\/\/boca-elevage.fr\/index.php?rest_route=\/wp\/v2\/pages\/209\/revisions"}],"predecessor-version":[{"id":493,"href":"https:\/\/boca-elevage.fr\/index.php?rest_route=\/wp\/v2\/pages\/209\/revisions\/493"}],"wp:attachment":[{"href":"https:\/\/boca-elevage.fr\/index.php?rest_route=%2Fwp%2Fv2%2Fmedia&parent=209"}],"curies":[{"name":"wp","href":"https:\/\/api.w.org\/{rel}","templated":true}]}}